{"id":96,"date":"2026-02-12T17:52:03","date_gmt":"2026-02-12T17:52:03","guid":{"rendered":"http:\/\/kpbpbdc.cluster100.hosting.ovh.net\/?page_id=96"},"modified":"2026-02-15T10:11:03","modified_gmt":"2026-02-15T10:11:03","slug":"restauration","status":"publish","type":"page","link":"https:\/\/tgbois.fr\/index.php\/restauration\/","title":{"rendered":"Restauration"},"content":{"rendered":"\n<blockquote class=\"wp-block-quote is-layout-flow wp-block-quote-is-layout-flow\">\n<p>En collaboration r\u00e9guli\u00e8re avec des antiquaires et tapissiers, j&rsquo;ai le plaisir de redonner vie \u00e0 des meubles remplis d&rsquo;histoire &#8230;<\/p>\n<\/blockquote>\n\n\n\n<h2 class=\"wp-block-heading\"><strong>Galerie APRES \/ AVANT <\/strong><\/h2>\n\n\n<style type=\"text\/css\">\n#foogallery-gallery-443.fg-masonry .fg-item { width: 250px; }\n#foogallery-gallery-443.fg-masonry { --fg-gutter: 10px; }<\/style>\n\t\t\t<div class=\"foogallery foogallery-container foogallery-masonry foogallery-lightbox-foogallery fg-center fg-masonry fg-ready fg-dark fg-border-thin fg-round-small fg-shadow-outline fg-loading-trail fg-loaded-fade-in fg-hover-semi-zoomed fg-captions-bottom fg-hover-fade fg-hover-zoom4 fg-fixed\" id=\"foogallery-gallery-443\" data-foogallery=\"{&quot;item&quot;:{&quot;showCaptionTitle&quot;:true,&quot;showCaptionDescription&quot;:true},&quot;lazy&quot;:true,&quot;template&quot;:{&quot;columnWidth&quot;:250,&quot;gutter&quot;:10}}\" data-foogallery-lightbox=\"{&quot;thumbs&quot;:&quot;bottom&quot;,&quot;thumbsCaptions&quot;:false,&quot;thumbsBestFit&quot;:false,&quot;thumbsSmall&quot;:false,&quot;thumbsCaptionsAlign&quot;:&quot;default&quot;,&quot;info&quot;:&quot;bottom&quot;,&quot;infoVisible&quot;:true,&quot;infoOverlay&quot;:true,&quot;infoAlign&quot;:&quot;default&quot;,&quot;transition&quot;:&quot;fade&quot;,&quot;hoverButtons&quot;:false,&quot;fitMedia&quot;:false,&quot;noScrollbars&quot;:true,&quot;preserveButtonSpace&quot;:true,&quot;buttons&quot;:{&quot;fullscreen&quot;:true,&quot;info&quot;:true,&quot;thumbs&quot;:false},&quot;video&quot;:{&quot;autoPlay&quot;:true}}\" style=\"--fg-title-line-clamp: 1; --fg-description-line-clamp: 2;\" >\n\t\t<div class=\"fg-item fg-type-image fg-idle\"><figure class=\"fg-item-inner\"><a href=\"https:\/\/tgbois.fr\/wp-content\/uploads\/2026\/02\/IMG_20230411_070158-scaled.jpg\" data-attachment-id=\"453\" data-type=\"image\" class=\"fg-thumb\"><span class=\"fg-image-wrap\"><img fetchpriority=\"high\" decoding=\"async\" width=\"250\" height=\"446\" class=\"skip-lazy fg-image\" data-src-fg=\"https:\/\/tgbois.fr\/wp-content\/uploads\/cache\/2026\/02\/IMG_20230411_070158-scaled\/1554256821.jpg\" src=\"data:image\/svg+xml,%3Csvg%20xmlns%3D%22http%3A%2F%2Fwww.w3.org%2F2000%2Fsvg%22%20width%3D%22250%22%20height%3D%22446%22%20viewBox%3D%220%200%20250%20446%22%3E%3C%2Fsvg%3E\" loading=\"eager\"><\/span><span class=\"fg-image-overlay\"><\/span><\/a><\/figure><div class=\"fg-loader\"><\/div><\/div><div class=\"fg-item fg-type-image fg-idle\"><figure class=\"fg-item-inner\"><a href=\"https:\/\/tgbois.fr\/wp-content\/uploads\/2026\/02\/Armoire-CASTEL-scaled.jpg\" data-attachment-id=\"448\" data-type=\"image\" class=\"fg-thumb\"><span class=\"fg-image-wrap\"><img decoding=\"async\" width=\"250\" height=\"403\" class=\"skip-lazy fg-image\" data-src-fg=\"https:\/\/tgbois.fr\/wp-content\/uploads\/cache\/2026\/02\/Armoire-CASTEL-scaled\/3988513467.jpg\" src=\"data:image\/svg+xml,%3Csvg%20xmlns%3D%22http%3A%2F%2Fwww.w3.org%2F2000%2Fsvg%22%20width%3D%22250%22%20height%3D%22403%22%20viewBox%3D%220%200%20250%20403%22%3E%3C%2Fsvg%3E\" loading=\"eager\"><\/span><span class=\"fg-image-overlay\"><\/span><\/a><\/figure><div class=\"fg-loader\"><\/div><\/div><\/div>\n\n<style type=\"text\/css\">\n#foogallery-gallery-456.fg-justified .fg-item { margin-right: 2px; margin-bottom: 2px; }\n#foogallery-gallery-456.fg-justified .fg-image { height: 200px; }<\/style>\n\t\t\t<div class=\"foogallery foogallery-container foogallery-justified foogallery-lightbox-foogallery fg-justified fg-ready fg-dark fg-border-thin fg-shadow-outline fg-loading-trail fg-loaded-fade-in fg-hover-semi-zoomed fg-caption-always fg-hover-fade fg-hover-zoom4\" id=\"foogallery-gallery-456\" data-foogallery=\"{&quot;item&quot;:{&quot;showCaptionTitle&quot;:true,&quot;showCaptionDescription&quot;:false},&quot;lazy&quot;:true,&quot;template&quot;:{&quot;rowHeight&quot;:200,&quot;maxRowHeight&quot;:300,&quot;margins&quot;:2,&quot;align&quot;:&quot;center&quot;,&quot;lastRow&quot;:&quot;smart&quot;}}\" data-foogallery-lightbox=\"{&quot;thumbs&quot;:&quot;bottom&quot;,&quot;thumbsCaptions&quot;:false,&quot;thumbsBestFit&quot;:false,&quot;thumbsSmall&quot;:false,&quot;thumbsCaptionsAlign&quot;:&quot;default&quot;,&quot;info&quot;:&quot;bottom&quot;,&quot;infoVisible&quot;:true,&quot;infoOverlay&quot;:true,&quot;infoAlign&quot;:&quot;default&quot;,&quot;transition&quot;:&quot;fade&quot;,&quot;hoverButtons&quot;:false,&quot;fitMedia&quot;:false,&quot;noScrollbars&quot;:true,&quot;preserveButtonSpace&quot;:true,&quot;buttons&quot;:{&quot;fullscreen&quot;:true,&quot;info&quot;:true,&quot;thumbs&quot;:false},&quot;video&quot;:{&quot;autoPlay&quot;:true}}\" style=\"--fg-title-line-clamp: 1; --fg-description-line-clamp: 2;\" >\n\t<div class=\"fg-item fg-type-image fg-idle\"><figure class=\"fg-item-inner\"><a href=\"https:\/\/tgbois.fr\/wp-content\/uploads\/2026\/02\/IMG_20210511_113840-Copie-1-scaled.jpg\" data-attachment-id=\"451\" data-type=\"image\" class=\"fg-thumb\"><span class=\"fg-image-wrap\"><img decoding=\"async\" height=\"300\" width=\"651\" class=\"skip-lazy fg-image\" data-src-fg=\"https:\/\/tgbois.fr\/wp-content\/uploads\/cache\/2026\/02\/IMG_20210511_113840-Copie-1-scaled\/1485344651.jpg\" src=\"data:image\/svg+xml,%3Csvg%20xmlns%3D%22http%3A%2F%2Fwww.w3.org%2F2000%2Fsvg%22%20width%3D%22651%22%20height%3D%22300%22%20viewBox%3D%220%200%20651%20300%22%3E%3C%2Fsvg%3E\" loading=\"eager\"><\/span><span class=\"fg-image-overlay\"><\/span><\/a><\/figure><div class=\"fg-loader\"><\/div><\/div><div class=\"fg-item fg-type-image fg-idle\"><figure class=\"fg-item-inner\"><a href=\"https:\/\/tgbois.fr\/wp-content\/uploads\/2026\/02\/IMG_20210505_182925-scaled.jpg\" data-attachment-id=\"450\" data-type=\"image\" class=\"fg-thumb\"><span class=\"fg-image-wrap\"><img decoding=\"async\" height=\"300\" width=\"651\" class=\"skip-lazy fg-image\" data-src-fg=\"https:\/\/tgbois.fr\/wp-content\/uploads\/cache\/2026\/02\/IMG_20210505_182925-scaled\/3589505673.jpg\" src=\"data:image\/svg+xml,%3Csvg%20xmlns%3D%22http%3A%2F%2Fwww.w3.org%2F2000%2Fsvg%22%20width%3D%22651%22%20height%3D%22300%22%20viewBox%3D%220%200%20651%20300%22%3E%3C%2Fsvg%3E\" loading=\"eager\"><\/span><span class=\"fg-image-overlay\"><\/span><\/a><\/figure><div class=\"fg-loader\"><\/div><\/div><\/div>\n\n\n<style type=\"text\/css\">\n#foogallery-gallery-457.fg-justified .fg-item { margin-right: 2px; margin-bottom: 2px; }\n#foogallery-gallery-457.fg-justified .fg-image { height: 200px; }<\/style>\n\t\t\t<div class=\"foogallery foogallery-container foogallery-justified foogallery-lightbox-foogallery fg-justified fg-ready fg-dark fg-border-thin fg-shadow-outline fg-loading-trail fg-loaded-fade-in fg-hover-semi-zoomed fg-caption-always fg-hover-fade fg-hover-zoom4\" id=\"foogallery-gallery-457\" data-foogallery=\"{&quot;item&quot;:{&quot;showCaptionTitle&quot;:true,&quot;showCaptionDescription&quot;:false},&quot;lazy&quot;:true,&quot;template&quot;:{&quot;rowHeight&quot;:200,&quot;maxRowHeight&quot;:300,&quot;margins&quot;:2,&quot;align&quot;:&quot;center&quot;,&quot;lastRow&quot;:&quot;smart&quot;}}\" data-foogallery-lightbox=\"{&quot;thumbs&quot;:&quot;bottom&quot;,&quot;thumbsCaptions&quot;:false,&quot;thumbsBestFit&quot;:false,&quot;thumbsSmall&quot;:false,&quot;thumbsCaptionsAlign&quot;:&quot;default&quot;,&quot;info&quot;:&quot;bottom&quot;,&quot;infoVisible&quot;:true,&quot;infoOverlay&quot;:true,&quot;infoAlign&quot;:&quot;default&quot;,&quot;transition&quot;:&quot;fade&quot;,&quot;hoverButtons&quot;:false,&quot;fitMedia&quot;:false,&quot;noScrollbars&quot;:true,&quot;preserveButtonSpace&quot;:true,&quot;buttons&quot;:{&quot;fullscreen&quot;:true,&quot;info&quot;:true,&quot;thumbs&quot;:false},&quot;video&quot;:{&quot;autoPlay&quot;:true}}\" style=\"--fg-title-line-clamp: 1; --fg-description-line-clamp: 2;\" >\n\t<div class=\"fg-item fg-type-image fg-idle\"><figure class=\"fg-item-inner\"><a href=\"https:\/\/tgbois.fr\/wp-content\/uploads\/2026\/02\/20240902_122245-scaled.jpg\" data-attachment-id=\"446\" data-type=\"image\" class=\"fg-thumb\"><span class=\"fg-image-wrap\"><img decoding=\"async\" height=\"300\" width=\"401\" class=\"skip-lazy fg-image\" data-src-fg=\"https:\/\/tgbois.fr\/wp-content\/uploads\/cache\/2026\/02\/20240902_122245-scaled\/2716260100.jpg\" src=\"data:image\/svg+xml,%3Csvg%20xmlns%3D%22http%3A%2F%2Fwww.w3.org%2F2000%2Fsvg%22%20width%3D%22401%22%20height%3D%22300%22%20viewBox%3D%220%200%20401%20300%22%3E%3C%2Fsvg%3E\" loading=\"eager\"><\/span><span class=\"fg-image-overlay\"><\/span><\/a><\/figure><div class=\"fg-loader\"><\/div><\/div><div class=\"fg-item fg-type-image fg-idle\"><figure class=\"fg-item-inner\"><a href=\"https:\/\/tgbois.fr\/wp-content\/uploads\/2026\/02\/20240805_065254-scaled.jpg\" data-attachment-id=\"445\" data-type=\"image\" class=\"fg-thumb\"><span class=\"fg-image-wrap\"><img decoding=\"async\" height=\"300\" width=\"400\" class=\"skip-lazy fg-image\" data-src-fg=\"https:\/\/tgbois.fr\/wp-content\/uploads\/cache\/2026\/02\/20240805_065254-scaled\/4118217071.jpg\" src=\"data:image\/svg+xml,%3Csvg%20xmlns%3D%22http%3A%2F%2Fwww.w3.org%2F2000%2Fsvg%22%20width%3D%22400%22%20height%3D%22300%22%20viewBox%3D%220%200%20400%20300%22%3E%3C%2Fsvg%3E\" loading=\"eager\"><\/span><span class=\"fg-image-overlay\"><\/span><\/a><\/figure><div class=\"fg-loader\"><\/div><\/div><\/div>\n\n\n\n<h2 class=\"wp-block-heading\"><strong>Restauration de meuble divers<\/strong><\/h2>\n\n\n\n<p class=\"has-small-font-size\"><em>Plus ou moins imposant &#8230;<\/em><\/p>\n\n\n<style type=\"text\/css\">\n#foogallery-gallery-458.fg-masonry .fg-item { width: 250px; }\n#foogallery-gallery-458.fg-masonry { --fg-gutter: 10px; }<\/style>\n\t\t\t<div class=\"foogallery foogallery-container foogallery-masonry foogallery-lightbox-foogallery fg-center fg-masonry fg-ready fg-dark fg-border-thin fg-shadow-outline fg-loading-trail fg-loaded-fade-in fg-hover-semi-zoomed fg-captions-bottom fg-hover-fade fg-hover-zoom4 fg-fixed\" id=\"foogallery-gallery-458\" data-foogallery=\"{&quot;item&quot;:{&quot;showCaptionTitle&quot;:true,&quot;showCaptionDescription&quot;:true},&quot;lazy&quot;:true,&quot;template&quot;:{&quot;columnWidth&quot;:250,&quot;gutter&quot;:10}}\" data-foogallery-lightbox=\"{&quot;thumbs&quot;:&quot;bottom&quot;,&quot;thumbsCaptions&quot;:false,&quot;thumbsBestFit&quot;:false,&quot;thumbsSmall&quot;:false,&quot;thumbsCaptionsAlign&quot;:&quot;default&quot;,&quot;info&quot;:&quot;bottom&quot;,&quot;infoVisible&quot;:true,&quot;infoOverlay&quot;:true,&quot;infoAlign&quot;:&quot;default&quot;,&quot;transition&quot;:&quot;fade&quot;,&quot;hoverButtons&quot;:false,&quot;fitMedia&quot;:false,&quot;noScrollbars&quot;:true,&quot;preserveButtonSpace&quot;:true,&quot;buttons&quot;:{&quot;fullscreen&quot;:true,&quot;info&quot;:true,&quot;thumbs&quot;:false},&quot;video&quot;:{&quot;autoPlay&quot;:true}}\" style=\"--fg-title-line-clamp: 1; --fg-description-line-clamp: 2;\" >\n\t\t<div class=\"fg-item fg-type-image fg-idle\"><figure class=\"fg-item-inner\"><a href=\"https:\/\/tgbois.fr\/wp-content\/uploads\/2026\/02\/IMG_20230904_135227-Copie-1-scaled.jpg\" data-attachment-id=\"454\" data-type=\"image\" class=\"fg-thumb\"><span class=\"fg-image-wrap\"><img decoding=\"async\" width=\"250\" height=\"188\" class=\"skip-lazy fg-image\" data-src-fg=\"https:\/\/tgbois.fr\/wp-content\/uploads\/cache\/2026\/02\/IMG_20230904_135227-Copie-1-scaled\/998143996.jpg\" src=\"data:image\/svg+xml,%3Csvg%20xmlns%3D%22http%3A%2F%2Fwww.w3.org%2F2000%2Fsvg%22%20width%3D%22250%22%20height%3D%22188%22%20viewBox%3D%220%200%20250%20188%22%3E%3C%2Fsvg%3E\" loading=\"eager\"><\/span><span class=\"fg-image-overlay\"><\/span><\/a><\/figure><div class=\"fg-loader\"><\/div><\/div><div class=\"fg-item fg-type-image fg-idle\"><figure class=\"fg-item-inner\"><a href=\"https:\/\/tgbois.fr\/wp-content\/uploads\/2026\/02\/20220629_123141-scaled.jpg\" data-attachment-id=\"444\" data-type=\"image\" class=\"fg-thumb\"><span class=\"fg-image-wrap\"><img decoding=\"async\" width=\"250\" height=\"502\" class=\"skip-lazy fg-image\" data-src-fg=\"https:\/\/tgbois.fr\/wp-content\/uploads\/cache\/2026\/02\/20220629_123141-scaled\/3419224127.jpg\" src=\"data:image\/svg+xml,%3Csvg%20xmlns%3D%22http%3A%2F%2Fwww.w3.org%2F2000%2Fsvg%22%20width%3D%22250%22%20height%3D%22502%22%20viewBox%3D%220%200%20250%20502%22%3E%3C%2Fsvg%3E\" loading=\"eager\"><\/span><span class=\"fg-image-overlay\"><\/span><\/a><\/figure><div class=\"fg-loader\"><\/div><\/div><div class=\"fg-item fg-type-image fg-idle\"><figure class=\"fg-item-inner\"><a href=\"https:\/\/tgbois.fr\/wp-content\/uploads\/2026\/02\/IMG_20210526_071956-scaled.jpg\" data-attachment-id=\"452\" data-type=\"image\" class=\"fg-thumb\"><span class=\"fg-image-wrap\"><img decoding=\"async\" width=\"250\" height=\"136\" class=\"skip-lazy fg-image\" data-src-fg=\"https:\/\/tgbois.fr\/wp-content\/uploads\/cache\/2026\/02\/IMG_20210526_071956-scaled\/269510502.jpg\" src=\"data:image\/svg+xml,%3Csvg%20xmlns%3D%22http%3A%2F%2Fwww.w3.org%2F2000%2Fsvg%22%20width%3D%22250%22%20height%3D%22136%22%20viewBox%3D%220%200%20250%20136%22%3E%3C%2Fsvg%3E\" loading=\"eager\"><\/span><span class=\"fg-image-overlay\"><\/span><\/a><\/figure><div class=\"fg-loader\"><\/div><\/div><div class=\"fg-item fg-type-image fg-idle\"><figure class=\"fg-item-inner\"><a href=\"https:\/\/tgbois.fr\/wp-content\/uploads\/2026\/02\/IMG_20210430_061145.jpg\" data-attachment-id=\"449\" data-type=\"image\" class=\"fg-thumb\"><span class=\"fg-image-wrap\"><img decoding=\"async\" width=\"250\" height=\"222\" class=\"skip-lazy fg-image\" data-src-fg=\"https:\/\/tgbois.fr\/wp-content\/uploads\/cache\/2026\/02\/IMG_20210430_061145\/118820580.jpg\" src=\"data:image\/svg+xml,%3Csvg%20xmlns%3D%22http%3A%2F%2Fwww.w3.org%2F2000%2Fsvg%22%20width%3D%22250%22%20height%3D%22222%22%20viewBox%3D%220%200%20250%20222%22%3E%3C%2Fsvg%3E\" loading=\"eager\"><\/span><span class=\"fg-image-overlay\"><\/span><\/a><\/figure><div class=\"fg-loader\"><\/div><\/div><div class=\"fg-item fg-type-image fg-idle\"><figure class=\"fg-item-inner\"><a href=\"https:\/\/tgbois.fr\/wp-content\/uploads\/2026\/02\/20241120_075901-scaled.jpg\" data-attachment-id=\"447\" data-type=\"image\" class=\"fg-thumb\"><span class=\"fg-image-wrap\"><img decoding=\"async\" width=\"250\" height=\"188\" class=\"skip-lazy fg-image\" data-src-fg=\"https:\/\/tgbois.fr\/wp-content\/uploads\/cache\/2026\/02\/20241120_075901-scaled\/1669657314.jpg\" src=\"data:image\/svg+xml,%3Csvg%20xmlns%3D%22http%3A%2F%2Fwww.w3.org%2F2000%2Fsvg%22%20width%3D%22250%22%20height%3D%22188%22%20viewBox%3D%220%200%20250%20188%22%3E%3C%2Fsvg%3E\" loading=\"eager\"><\/span><span class=\"fg-image-overlay\"><\/span><\/a><\/figure><div class=\"fg-loader\"><\/div><\/div><\/div>","protected":false},"excerpt":{"rendered":"<p>En collaboration r\u00e9guli\u00e8re avec des antiquaires et tapissiers, j&rsquo;ai le plaisir de redonner vie \u00e0 des meubles remplis d&rsquo;histoire &#8230; Galerie APRES \/ AVANT Restauration de meuble divers Plus ou moins imposant &#8230;<\/p>\n","protected":false},"author":1,"featured_media":0,"parent":0,"menu_order":0,"comment_status":"closed","ping_status":"closed","template":"","meta":{"footnotes":""},"class_list":["post-96","page","type-page","status-publish","hentry"],"_links":{"self":[{"href":"https:\/\/tgbois.fr\/index.php\/wp-json\/wp\/v2\/pages\/96","targetHints":{"allow":["GET"]}}],"collection":[{"href":"https:\/\/tgbois.fr\/index.php\/wp-json\/wp\/v2\/pages"}],"about":[{"href":"https:\/\/tgbois.fr\/index.php\/wp-json\/wp\/v2\/types\/page"}],"author":[{"embeddable":true,"href":"https:\/\/tgbois.fr\/index.php\/wp-json\/wp\/v2\/users\/1"}],"replies":[{"embeddable":true,"href":"https:\/\/tgbois.fr\/index.php\/wp-json\/wp\/v2\/comments?post=96"}],"version-history":[{"count":4,"href":"https:\/\/tgbois.fr\/index.php\/wp-json\/wp\/v2\/pages\/96\/revisions"}],"predecessor-version":[{"id":492,"href":"https:\/\/tgbois.fr\/index.php\/wp-json\/wp\/v2\/pages\/96\/revisions\/492"}],"wp:attachment":[{"href":"https:\/\/tgbois.fr\/index.php\/wp-json\/wp\/v2\/media?parent=96"}],"curies":[{"name":"wp","href":"https:\/\/api.w.org\/{rel}","templated":true}]}}