{"id":576,"date":"2026-02-15T16:11:26","date_gmt":"2026-02-15T16:11:26","guid":{"rendered":"https:\/\/tgbois.fr\/?page_id=576"},"modified":"2026-02-15T16:11:26","modified_gmt":"2026-02-15T16:11:26","slug":"mentions-legales","status":"publish","type":"page","link":"https:\/\/tgbois.fr\/index.php\/mentions-legales\/","title":{"rendered":"Mentions L\u00e9gales"},"content":{"rendered":"\n<h2 class=\"wp-block-heading\"><strong>1. \u00c9diteur du site<\/strong><\/h2>\n\n\n\n<p>Le pr\u00e9sent site est \u00e9dit\u00e9 par : WORDPRESS<\/p>\n\n\n\n<p><strong>TG BOIS<\/strong><br>Entreprise Individuelle<br>Repr\u00e9sent\u00e9 par : Thomas GALLAND<\/p>\n\n\n\n<p>Adresse : 69870 LAMURE SUR AZERGUES<br>T\u00e9l\u00e9phone : Voir onglet \u00ab\u00a0contact\u00a0\u00bb<br>Email : Voir onglet \u00ab\u00a0contact\u00a0\u00bb<\/p>\n\n\n\n<p>SIRET : 817 469 562 00018<br>RCS \/ RM : VILLEFRANCHE SUR SAONE<\/p>\n\n\n\n<hr class=\"wp-block-separator has-alpha-channel-opacity\"\/>\n\n\n\n<h2 class=\"wp-block-heading\"><strong>2. H\u00e9bergement<\/strong><\/h2>\n\n\n\n<p>Le site est h\u00e9berg\u00e9 par :<\/p>\n\n\n\n<p><strong>OVHcloud<\/strong><br>2 rue Kellermann<br>59100 Roubaix<br>France<br><a>www.ovhcloud.com<\/a><\/p>\n\n\n\n<hr class=\"wp-block-separator has-alpha-channel-opacity\"\/>\n\n\n\n<h2 class=\"wp-block-heading\"><strong>3. Propri\u00e9t\u00e9 intellectuelle<\/strong><\/h2>\n\n\n\n<p>L\u2019ensemble du contenu pr\u00e9sent sur ce site (textes, images, photographies, r\u00e9alisations) est la propri\u00e9t\u00e9 exclusive de TG BOIS, sauf mention contraire.<\/p>\n\n\n\n<p>Toute reproduction, repr\u00e9sentation ou diffusion, m\u00eame partielle, sans autorisation pr\u00e9alable est interdite.<\/p>\n\n\n\n<hr class=\"wp-block-separator has-alpha-channel-opacity\"\/>\n\n\n\n<h2 class=\"wp-block-heading\"><strong>4. Donn\u00e9es personnelles<\/strong><\/h2>\n\n\n\n<p>Les informations collect\u00e9es via le formulaire de contact sont destin\u00e9es uniquement \u00e0 r\u00e9pondre aux demandes des utilisateurs.<\/p>\n\n\n\n<p>Ces donn\u00e9es ne sont ni vendues ni c\u00e9d\u00e9es \u00e0 des tiers.<\/p>\n\n\n\n<p>Conform\u00e9ment \u00e0 la r\u00e9glementation en vigueur, vous pouvez exercer votre droit d\u2019acc\u00e8s, de rectification ou de suppression des donn\u00e9es vous concernant en contactant TG BOIS via le <a href=\"https:\/\/tgbois.fr\/index.php\/contact\/\" data-type=\"page\" data-id=\"29\">formulaire de contact du site<\/a><\/p>\n\n\n\n<hr class=\"wp-block-separator has-alpha-channel-opacity\"\/>\n\n\n\n<h2 class=\"wp-block-heading\">5. Cookies<\/h2>\n\n\n\n<p>Le site peut utiliser des cookies \u00e0 des fins de fonctionnement et de mesure d\u2019audience.<\/p>\n\n\n\n<p>Vous pouvez configurer votre navigateur pour refuser les cookies.<\/p>\n","protected":false},"excerpt":{"rendered":"<p>1. \u00c9diteur du site Le pr\u00e9sent site est \u00e9dit\u00e9 par : WORDPRESS TG BOISEntreprise IndividuelleRepr\u00e9sent\u00e9 par : Thomas GALLAND Adresse : 69870 LAMURE SUR AZERGUEST\u00e9l\u00e9phone : Voir onglet \u00ab\u00a0contact\u00a0\u00bbEmail : Voir onglet \u00ab\u00a0contact\u00a0\u00bb SIRET : 817 469 562 00018RCS \/ RM : VILLEFRANCHE SUR SAONE 2. H\u00e9bergement Le site est h\u00e9berg\u00e9 par : OVHcloud2 rue &hellip; <\/p>\n<p class=\"link-more\"><a href=\"https:\/\/tgbois.fr\/index.php\/mentions-legales\/\" class=\"more-link\">Continuer la lecture<span class=\"screen-reader-text\"> de &laquo;&nbsp;Mentions L\u00e9gales&nbsp;&raquo;<\/span><\/a><\/p>\n","protected":false},"author":1,"featured_media":0,"parent":0,"menu_order":0,"comment_status":"closed","ping_status":"closed","template":"","meta":{"footnotes":""},"class_list":["post-576","page","type-page","status-publish","hentry"],"_links":{"self":[{"href":"https:\/\/tgbois.fr\/index.php\/wp-json\/wp\/v2\/pages\/576","targetHints":{"allow":["GET"]}}],"collection":[{"href":"https:\/\/tgbois.fr\/index.php\/wp-json\/wp\/v2\/pages"}],"about":[{"href":"https:\/\/tgbois.fr\/index.php\/wp-json\/wp\/v2\/types\/page"}],"author":[{"embeddable":true,"href":"https:\/\/tgbois.fr\/index.php\/wp-json\/wp\/v2\/users\/1"}],"replies":[{"embeddable":true,"href":"https:\/\/tgbois.fr\/index.php\/wp-json\/wp\/v2\/comments?post=576"}],"version-history":[{"count":1,"href":"https:\/\/tgbois.fr\/index.php\/wp-json\/wp\/v2\/pages\/576\/revisions"}],"predecessor-version":[{"id":577,"href":"https:\/\/tgbois.fr\/index.php\/wp-json\/wp\/v2\/pages\/576\/revisions\/577"}],"wp:attachment":[{"href":"https:\/\/tgbois.fr\/index.php\/wp-json\/wp\/v2\/media?parent=576"}],"curies":[{"name":"wp","href":"https:\/\/api.w.org\/{rel}","templated":true}]}}