{"id":27,"date":"2026-02-12T15:26:17","date_gmt":"2026-02-12T15:26:17","guid":{"rendered":"http:\/\/kpbpbdc.cluster100.hosting.ovh.net\/?page_id=27"},"modified":"2026-02-15T14:27:38","modified_gmt":"2026-02-15T14:27:38","slug":"a-propos","status":"publish","type":"page","link":"https:\/\/tgbois.fr\/index.php\/a-propos\/","title":{"rendered":"A propos"},"content":{"rendered":"\n<div class=\"wp-block-columns is-layout-flex wp-container-core-columns-is-layout-9d6595d7 wp-block-columns-is-layout-flex\">\n<div class=\"wp-block-column is-layout-flow wp-block-column-is-layout-flow\" style=\"flex-basis:100%\">\n<div class=\"wp-block-columns is-layout-flex wp-container-core-columns-is-layout-9d6595d7 wp-block-columns-is-layout-flex\">\n<div class=\"wp-block-column is-layout-flow wp-block-column-is-layout-flow\">\n<p><\/p>\n\n\n\n<h2 class=\"wp-block-heading has-text-align-center has-text-color has-link-color has-x-large-font-size wp-elements-15bed23ec2fbd851121f9fdf0152855e\" style=\"color:#faf3eb\"><strong>TG BOIS<\/strong><\/h2>\n\n\n\n<p class=\"has-text-align-center has-large-font-size\"><em>Thomas GALLAND<\/em><\/p>\n<\/div>\n\n\n\n<div class=\"wp-block-column is-layout-flow wp-block-column-is-layout-flow\">\n<figure class=\"wp-block-image size-large\"><img loading=\"lazy\" decoding=\"async\" width=\"1024\" height=\"734\" src=\"https:\/\/tgbois.fr\/wp-content\/uploads\/2026\/02\/gettyimages-89532484-2048x20481-1-1024x734.jpg\" alt=\"\" class=\"wp-image-523\" style=\"aspect-ratio:1.3951782682512734\" srcset=\"https:\/\/tgbois.fr\/wp-content\/uploads\/2026\/02\/gettyimages-89532484-2048x20481-1-1024x734.jpg 1024w, https:\/\/tgbois.fr\/wp-content\/uploads\/2026\/02\/gettyimages-89532484-2048x20481-1-300x215.jpg 300w, https:\/\/tgbois.fr\/wp-content\/uploads\/2026\/02\/gettyimages-89532484-2048x20481-1-768x551.jpg 768w, https:\/\/tgbois.fr\/wp-content\/uploads\/2026\/02\/gettyimages-89532484-2048x20481-1-1536x1101.jpg 1536w, https:\/\/tgbois.fr\/wp-content\/uploads\/2026\/02\/gettyimages-89532484-2048x20481-1.jpg 2048w\" sizes=\"auto, (max-width: 767px) 89vw, (max-width: 1000px) 54vw, (max-width: 1071px) 543px, 580px\" \/><\/figure>\n<\/div>\n<\/div>\n<\/div>\n<\/div>\n\n\n\n<p>Apr\u00e8s une formation en <strong>menuiserie d&rsquo;agencement et \u00c9b\u00e9nisterie<\/strong> en partie aupr\u00e8s des Compagnons du Devoir , Thomas GALLAND d\u00e9veloppe depuis presque <strong>25 ans un savoir-faire<\/strong> m\u00ealant tradition et modernit\u00e9.<br>Thomas travaille seul, du premier croquis jusqu\u2019\u00e0 l&rsquo;installation, avec la volont\u00e9 de r\u00e9aliser des meubles durables, fonctionnels et soign\u00e9s.<\/p>\n\n\n\n<p>Chaque projet commence par une prise de contact o\u00f9 vous pourrez exposer vos id\u00e9es, vos envies et vos besoins. De l\u00e0, Thomas vous proposera une r\u00e9flexion personnalis\u00e9e, pens\u00e9e autour de votre espace et de votre mani\u00e8re de vivre. Il con\u00e7oit l\u2019agencement dans ses moindres d\u00e9tails afin qu\u2019il soit \u00e0 la fois esth\u00e9tique et pleinement fonctionnel. Lorsque cela est n\u00e9cessaire, le projet est mat\u00e9rialis\u00e9 en 3D afin de vous permettre de vous projeter concr\u00e8tement avant la fabrication.<\/p>\n\n\n\n<p>S&rsquo;en suit alors une <strong>s\u00e9lection minutieuse du bois<\/strong>. Il privil\u00e9gie des essences fran\u00e7aises, principalement issues de for\u00eats du Jura, durablement g\u00e9r\u00e9es. Le choix de la mati\u00e8re est une \u00e9tape essentielle : un bois bien choisi, bien s\u00e9ch\u00e9 et bien travaill\u00e9 est la base d\u2019un ouvrage qui traversera le temps.<\/p>\n\n\n\n<p>Sp\u00e9cialis\u00e9 dans l\u2019am\u00e9nagement int\u00e9rieur et le mobilier sur mesure, mais aussi de la restauration de meubles anciens, Thomas ne r\u00e9alise pas de pose de portes d\u2019entr\u00e9e ni de fen\u00eatres. Il concentre son savoir-faire sur des r\u00e9alisations o\u00f9 le d\u00e9tail, la pr\u00e9cision et la qualit\u00e9 de finition font toute la diff\u00e9rence.<\/p>\n\n\n\n<p><strong>Minutieux<\/strong> par nature, il accorde une attention particuli\u00e8re aux ajustements, aux assemblages et aux finitions. Rien n\u2019est laiss\u00e9 au hasard. Chaque pi\u00e8ce est pens\u00e9e, fabriqu\u00e9e et contr\u00f4l\u00e9e avec <strong>exigence<\/strong>, jusqu\u2019au dernier d\u00e9tail.<\/p>\n\n\n\n<p><strong>Le respect des d\u00e9lais<\/strong> fait \u00e9galement partie de ses engagements. Un planning est toujours annonc\u00e9 en amont. M\u00eame si le d\u00e9lai est de plusieurs mois, il sera respect\u00e9. La confiance passe par la transparence et la rigueur.<\/p>\n\n\n\n<hr class=\"wp-block-separator has-alpha-channel-opacity is-style-wide\"\/>\n\n\n\n<h2 class=\"wp-block-heading\"><strong>WOC Boutique<\/strong><\/h2>\n\n\n\n<p>Dans une d\u00e9marche de valorisation de la mati\u00e8re et de r\u00e9duction des chutes, <strong><em>Thomas<\/em><\/strong> a ouvert avec sa compagne<strong><em> Elsa<\/em><\/strong> une boutique en ligne en 2022 : <strong>WOC Boutique<\/strong>.<\/p>\n\n\n\n<p>\u00c0 partir de chutes de bois massif issues de son atelier, ils cr\u00e9ent des <strong>objets personnalis\u00e9s grav\u00e9s au laser<\/strong> : d\u00e9corations, cadeaux de naissance, accessoires du quotidien ou pi\u00e8ces uniques pour des occasions sp\u00e9ciales.<\/p>\n\n\n\n<p>Chaque objet est con\u00e7u avec le m\u00eame soin que les projets sur mesure, dans une logique artisanale et responsable.<br>WOC Boutique prolonge ainsi l\u2019atelier, en donnant une seconde vie au bois \u00e0 travers des cr\u00e9ations personnalis\u00e9es et durables.<\/p>\n","protected":false},"excerpt":{"rendered":"<p>TG BOIS Thomas GALLAND Apr\u00e8s une formation en menuiserie d&rsquo;agencement et \u00c9b\u00e9nisterie en partie aupr\u00e8s des Compagnons du Devoir , Thomas GALLAND d\u00e9veloppe depuis presque 25 ans un savoir-faire m\u00ealant tradition et modernit\u00e9.Thomas travaille seul, du premier croquis jusqu\u2019\u00e0 l&rsquo;installation, avec la volont\u00e9 de r\u00e9aliser des meubles durables, fonctionnels et soign\u00e9s. Chaque projet commence par &hellip; <\/p>\n<p class=\"link-more\"><a href=\"https:\/\/tgbois.fr\/index.php\/a-propos\/\" class=\"more-link\">Continuer la lecture<span class=\"screen-reader-text\"> de &laquo;&nbsp;A propos&nbsp;&raquo;<\/span><\/a><\/p>\n","protected":false},"author":1,"featured_media":0,"parent":0,"menu_order":0,"comment_status":"closed","ping_status":"closed","template":"","meta":{"footnotes":""},"class_list":["post-27","page","type-page","status-publish","hentry"],"_links":{"self":[{"href":"https:\/\/tgbois.fr\/index.php\/wp-json\/wp\/v2\/pages\/27","targetHints":{"allow":["GET"]}}],"collection":[{"href":"https:\/\/tgbois.fr\/index.php\/wp-json\/wp\/v2\/pages"}],"about":[{"href":"https:\/\/tgbois.fr\/index.php\/wp-json\/wp\/v2\/types\/page"}],"author":[{"embeddable":true,"href":"https:\/\/tgbois.fr\/index.php\/wp-json\/wp\/v2\/users\/1"}],"replies":[{"embeddable":true,"href":"https:\/\/tgbois.fr\/index.php\/wp-json\/wp\/v2\/comments?post=27"}],"version-history":[{"count":12,"href":"https:\/\/tgbois.fr\/index.php\/wp-json\/wp\/v2\/pages\/27\/revisions"}],"predecessor-version":[{"id":527,"href":"https:\/\/tgbois.fr\/index.php\/wp-json\/wp\/v2\/pages\/27\/revisions\/527"}],"wp:attachment":[{"href":"https:\/\/tgbois.fr\/index.php\/wp-json\/wp\/v2\/media?parent=27"}],"curies":[{"name":"wp","href":"https:\/\/api.w.org\/{rel}","templated":true}]}}