{"id":25,"date":"2026-02-12T15:25:27","date_gmt":"2026-02-12T15:25:27","guid":{"rendered":"http:\/\/kpbpbdc.cluster100.hosting.ovh.net\/?page_id=25"},"modified":"2026-02-15T15:40:49","modified_gmt":"2026-02-15T15:40:49","slug":"realisations","status":"publish","type":"page","link":"https:\/\/tgbois.fr\/index.php\/realisations\/","title":{"rendered":"R\u00e9alisations"},"content":{"rendered":"\n<h2 class=\"wp-block-heading has-text-align-center has-large-font-size\"><strong>Nos r\u00e9alisations<\/strong><\/h2>\n\n\n\n<p class=\"has-text-align-center\">Chaque projet est con\u00e7u et fabriqu\u00e9 sur mesure, dans le respect des mat\u00e9riaux et des attentes du client.<\/p>\n\n\n\n<div class=\"wp-block-columns is-layout-flex wp-container-core-columns-is-layout-9d6595d7 wp-block-columns-is-layout-flex\">\n<div class=\"wp-block-column is-layout-flow wp-block-column-is-layout-flow\">\n<div class=\"wp-block-cover is-light\"><img loading=\"lazy\" decoding=\"async\" width=\"1024\" height=\"768\" class=\"wp-block-cover__image-background wp-image-297 size-large\" alt=\"\" src=\"https:\/\/tgbois.fr\/wp-content\/uploads\/2026\/02\/20260119_134913-1024x768.jpg\" style=\"object-position:100% 61%\" data-object-fit=\"cover\" data-object-position=\"100% 61%\" srcset=\"https:\/\/tgbois.fr\/wp-content\/uploads\/2026\/02\/20260119_134913-1024x768.jpg 1024w, https:\/\/tgbois.fr\/wp-content\/uploads\/2026\/02\/20260119_134913-300x225.jpg 300w, https:\/\/tgbois.fr\/wp-content\/uploads\/2026\/02\/20260119_134913-768x576.jpg 768w, https:\/\/tgbois.fr\/wp-content\/uploads\/2026\/02\/20260119_134913-1536x1152.jpg 1536w, https:\/\/tgbois.fr\/wp-content\/uploads\/2026\/02\/20260119_134913-2048x1536.jpg 2048w\" sizes=\"auto, (max-width: 767px) 89vw, (max-width: 1000px) 54vw, (max-width: 1071px) 543px, 580px\" \/><span aria-hidden=\"true\" class=\"wp-block-cover__background has-background-dim\" style=\"background-color:#ba9474\"><\/span><div class=\"wp-block-cover__inner-container is-layout-constrained wp-block-cover-is-layout-constrained\">\n<p class=\"has-text-align-center has-white-color has-text-color has-link-color has-medium-font-size wp-elements-f21c1d47f86be2c8cc8c2052fea6c7ed\"><a href=\"https:\/\/tgbois.fr\/index.php\/bureau\/\" data-type=\"page\" data-id=\"74\"><strong>BUREAU<\/strong><\/a><\/p>\n<\/div><\/div>\n<\/div>\n\n\n\n<div class=\"wp-block-column is-layout-flow wp-block-column-is-layout-flow\">\n<div class=\"wp-block-cover is-light\"><img loading=\"lazy\" decoding=\"async\" width=\"1024\" height=\"683\" class=\"wp-block-cover__image-background wp-image-231 size-large\" alt=\"\" src=\"https:\/\/tgbois.fr\/wp-content\/uploads\/2026\/02\/20220218_105635-1024x683.jpg\" style=\"object-position:60% 54%\" data-object-fit=\"cover\" data-object-position=\"60% 54%\" srcset=\"https:\/\/tgbois.fr\/wp-content\/uploads\/2026\/02\/20220218_105635-1024x683.jpg 1024w, https:\/\/tgbois.fr\/wp-content\/uploads\/2026\/02\/20220218_105635-300x200.jpg 300w, https:\/\/tgbois.fr\/wp-content\/uploads\/2026\/02\/20220218_105635-768x512.jpg 768w, https:\/\/tgbois.fr\/wp-content\/uploads\/2026\/02\/20220218_105635-1536x1024.jpg 1536w, https:\/\/tgbois.fr\/wp-content\/uploads\/2026\/02\/20220218_105635-2048x1365.jpg 2048w\" sizes=\"auto, (max-width: 767px) 89vw, (max-width: 1000px) 54vw, (max-width: 1071px) 543px, 580px\" \/><span aria-hidden=\"true\" class=\"wp-block-cover__background has-background-dim\" style=\"background-color:#c8bbb5\"><\/span><div class=\"wp-block-cover__inner-container is-layout-constrained wp-block-cover-is-layout-constrained\">\n<p class=\"has-text-align-center has-white-color has-text-color has-link-color has-medium-font-size wp-elements-702ac1d478575ef03c48b5601d8d44db\"><a href=\"https:\/\/tgbois.fr\/index.php\/bibliotheque\/\" data-type=\"page\" data-id=\"76\"><strong>BIBLIOTHEQUE<\/strong><\/a><\/p>\n<\/div><\/div>\n<\/div>\n\n\n\n<div class=\"wp-block-column is-layout-flow wp-block-column-is-layout-flow\">\n<div class=\"wp-block-cover is-light\"><img loading=\"lazy\" decoding=\"async\" width=\"998\" height=\"732\" class=\"wp-block-cover__image-background wp-image-311 size-full\" alt=\"\" src=\"https:\/\/tgbois.fr\/wp-content\/uploads\/2026\/02\/IMG-20210409-WA0003.jpg\" style=\"object-position:13% 45%\" data-object-fit=\"cover\" data-object-position=\"13% 45%\" srcset=\"https:\/\/tgbois.fr\/wp-content\/uploads\/2026\/02\/IMG-20210409-WA0003.jpg 998w, https:\/\/tgbois.fr\/wp-content\/uploads\/2026\/02\/IMG-20210409-WA0003-300x220.jpg 300w, https:\/\/tgbois.fr\/wp-content\/uploads\/2026\/02\/IMG-20210409-WA0003-768x563.jpg 768w\" sizes=\"auto, (max-width: 767px) 89vw, (max-width: 1000px) 54vw, (max-width: 1071px) 543px, 580px\" \/><span aria-hidden=\"true\" class=\"wp-block-cover__background has-background-dim\" style=\"background-color:#ae8a6e\"><\/span><div class=\"wp-block-cover__inner-container is-layout-constrained wp-block-cover-is-layout-constrained\">\n<p class=\"has-text-align-center has-white-color has-text-color has-link-color has-medium-font-size wp-elements-7635bd0fd7d84ff6405e28015e07f240\"><strong><a href=\"https:\/\/tgbois.fr\/index.php\/cave-a-vin\/\" data-type=\"page\" data-id=\"78\">CAVE A VIN<\/a><\/strong><\/p>\n<\/div><\/div>\n<\/div>\n<\/div>\n\n\n\n<div class=\"wp-block-columns is-layout-flex wp-container-core-columns-is-layout-9d6595d7 wp-block-columns-is-layout-flex\">\n<div class=\"wp-block-column is-layout-flow wp-block-column-is-layout-flow\">\n<div class=\"wp-block-cover is-light\"><img loading=\"lazy\" decoding=\"async\" width=\"2560\" height=\"1706\" class=\"wp-block-cover__image-background wp-image-324 size-full\" alt=\"\" src=\"https:\/\/tgbois.fr\/wp-content\/uploads\/2026\/02\/20161229_161816-Copie-scaled.jpg\" style=\"object-position:34% 57%\" data-object-fit=\"cover\" data-object-position=\"34% 57%\" srcset=\"https:\/\/tgbois.fr\/wp-content\/uploads\/2026\/02\/20161229_161816-Copie-scaled.jpg 2560w, https:\/\/tgbois.fr\/wp-content\/uploads\/2026\/02\/20161229_161816-Copie-300x200.jpg 300w, https:\/\/tgbois.fr\/wp-content\/uploads\/2026\/02\/20161229_161816-Copie-1024x683.jpg 1024w, https:\/\/tgbois.fr\/wp-content\/uploads\/2026\/02\/20161229_161816-Copie-768x512.jpg 768w, https:\/\/tgbois.fr\/wp-content\/uploads\/2026\/02\/20161229_161816-Copie-1536x1024.jpg 1536w, https:\/\/tgbois.fr\/wp-content\/uploads\/2026\/02\/20161229_161816-Copie-2048x1365.jpg 2048w\" sizes=\"auto, (max-width: 767px) 89vw, (max-width: 1000px) 54vw, (max-width: 1071px) 543px, 580px\" \/><span aria-hidden=\"true\" class=\"wp-block-cover__background has-background-dim\" style=\"background-color:#a8978c\"><\/span><div class=\"wp-block-cover__inner-container is-layout-constrained wp-block-cover-is-layout-constrained\">\n<p class=\"has-text-align-center has-white-color has-text-color has-link-color has-medium-font-size wp-elements-a10a955cb3ae373764b7baff6b1948b3\"><a href=\"https:\/\/tgbois.fr\/index.php\/chambre\/\" data-type=\"page\" data-id=\"82\"><strong>CHAMBRE<\/strong><\/a><\/p>\n<\/div><\/div>\n<\/div>\n\n\n\n<div class=\"wp-block-column is-layout-flow wp-block-column-is-layout-flow\">\n<div class=\"wp-block-cover\"><img loading=\"lazy\" decoding=\"async\" width=\"1441\" height=\"2560\" class=\"wp-block-cover__image-background wp-image-247 size-full\" alt=\"\" src=\"https:\/\/tgbois.fr\/wp-content\/uploads\/2026\/02\/20251209_1627311-scaled.jpg\" style=\"object-position:88% 50%\" data-object-fit=\"cover\" data-object-position=\"88% 50%\" srcset=\"https:\/\/tgbois.fr\/wp-content\/uploads\/2026\/02\/20251209_1627311-scaled.jpg 1441w, https:\/\/tgbois.fr\/wp-content\/uploads\/2026\/02\/20251209_1627311-169x300.jpg 169w, https:\/\/tgbois.fr\/wp-content\/uploads\/2026\/02\/20251209_1627311-577x1024.jpg 577w, https:\/\/tgbois.fr\/wp-content\/uploads\/2026\/02\/20251209_1627311-768x1364.jpg 768w, https:\/\/tgbois.fr\/wp-content\/uploads\/2026\/02\/20251209_1627311-865x1536.jpg 865w, https:\/\/tgbois.fr\/wp-content\/uploads\/2026\/02\/20251209_1627311-1153x2048.jpg 1153w\" sizes=\"auto, (max-width: 767px) 89vw, (max-width: 1000px) 54vw, (max-width: 1071px) 543px, 580px\" \/><span aria-hidden=\"true\" class=\"wp-block-cover__background has-background-dim\" style=\"background-color:#8a7764\"><\/span><div class=\"wp-block-cover__inner-container is-layout-constrained wp-block-cover-is-layout-constrained\">\n<p class=\"has-text-align-center has-white-color has-text-color has-link-color has-medium-font-size wp-elements-4e56c1eaf02b1f46bf51f20ca64a877d\"><a href=\"https:\/\/tgbois.fr\/index.php\/cuisine\/\" data-type=\"page\" data-id=\"80\"><strong>CUISINE<\/strong><\/a><\/p>\n<\/div><\/div>\n<\/div>\n\n\n\n<div class=\"wp-block-column is-layout-flow wp-block-column-is-layout-flow\">\n<div class=\"wp-block-cover is-light\"><img loading=\"lazy\" decoding=\"async\" width=\"768\" height=\"1024\" class=\"wp-block-cover__image-background wp-image-163 size-large\" alt=\"\" src=\"https:\/\/tgbois.fr\/wp-content\/uploads\/2026\/02\/IMG-20201217-WA0001-768x1024.jpg\" data-object-fit=\"cover\" srcset=\"https:\/\/tgbois.fr\/wp-content\/uploads\/2026\/02\/IMG-20201217-WA0001-768x1024.jpg 768w, https:\/\/tgbois.fr\/wp-content\/uploads\/2026\/02\/IMG-20201217-WA0001-225x300.jpg 225w, https:\/\/tgbois.fr\/wp-content\/uploads\/2026\/02\/IMG-20201217-WA0001-1152x1536.jpg 1152w, https:\/\/tgbois.fr\/wp-content\/uploads\/2026\/02\/IMG-20201217-WA0001.jpg 1200w\" sizes=\"auto, (max-width: 767px) 89vw, (max-width: 1000px) 54vw, (max-width: 1071px) 543px, 580px\" \/><span aria-hidden=\"true\" class=\"wp-block-cover__background has-background-dim\" style=\"background-color:#9b8770\"><\/span><div class=\"wp-block-cover__inner-container is-layout-constrained wp-block-cover-is-layout-constrained\">\n<p class=\"has-text-align-center has-white-color has-text-color has-link-color has-medium-font-size wp-elements-f026e05003059ebde087395f8432c56b\"><a href=\"https:\/\/tgbois.fr\/index.php\/dressing\/\" data-type=\"page\" data-id=\"84\"><strong>DRESSING<\/strong><\/a><\/p>\n<\/div><\/div>\n<\/div>\n<\/div>\n\n\n\n<div class=\"wp-block-columns is-layout-flex wp-container-core-columns-is-layout-9d6595d7 wp-block-columns-is-layout-flex\">\n<div class=\"wp-block-column is-layout-flow wp-block-column-is-layout-flow\">\n<div class=\"wp-block-cover is-light\"><img loading=\"lazy\" decoding=\"async\" width=\"2560\" height=\"1920\" class=\"wp-block-cover__image-background wp-image-357 size-full\" alt=\"\" src=\"https:\/\/tgbois.fr\/wp-content\/uploads\/2026\/02\/20251017_093850-scaled.jpg\" style=\"object-position:61% 51%\" data-object-fit=\"cover\" data-object-position=\"61% 51%\" srcset=\"https:\/\/tgbois.fr\/wp-content\/uploads\/2026\/02\/20251017_093850-scaled.jpg 2560w, https:\/\/tgbois.fr\/wp-content\/uploads\/2026\/02\/20251017_093850-300x225.jpg 300w, https:\/\/tgbois.fr\/wp-content\/uploads\/2026\/02\/20251017_093850-1024x768.jpg 1024w, https:\/\/tgbois.fr\/wp-content\/uploads\/2026\/02\/20251017_093850-768x576.jpg 768w, https:\/\/tgbois.fr\/wp-content\/uploads\/2026\/02\/20251017_093850-1536x1152.jpg 1536w, https:\/\/tgbois.fr\/wp-content\/uploads\/2026\/02\/20251017_093850-2048x1536.jpg 2048w\" sizes=\"auto, (max-width: 767px) 89vw, (max-width: 1000px) 54vw, (max-width: 1071px) 543px, 580px\" \/><span aria-hidden=\"true\" class=\"wp-block-cover__background has-background-dim\" style=\"background-color:#ba9877\"><\/span><div class=\"wp-block-cover__inner-container is-layout-constrained wp-block-cover-is-layout-constrained\">\n<p class=\"has-text-align-center has-white-color has-text-color has-link-color has-medium-font-size wp-elements-ca0a96cb75067ebde7a14419f186c4bd\"><a href=\"https:\/\/tgbois.fr\/index.php\/entree\/\" data-type=\"page\" data-id=\"86\"><strong>ENTR\u00c9E <\/strong><\/a><\/p>\n<\/div><\/div>\n<\/div>\n\n\n\n<div class=\"wp-block-column is-layout-flow wp-block-column-is-layout-flow\">\n<div class=\"wp-block-cover is-light\"><img loading=\"lazy\" decoding=\"async\" width=\"2560\" height=\"1920\" class=\"wp-block-cover__image-background wp-image-369 size-full\" alt=\"\" src=\"https:\/\/tgbois.fr\/wp-content\/uploads\/2026\/02\/P1010546-scaled.jpg\" data-object-fit=\"cover\" srcset=\"https:\/\/tgbois.fr\/wp-content\/uploads\/2026\/02\/P1010546-scaled.jpg 2560w, https:\/\/tgbois.fr\/wp-content\/uploads\/2026\/02\/P1010546-300x225.jpg 300w, https:\/\/tgbois.fr\/wp-content\/uploads\/2026\/02\/P1010546-1024x768.jpg 1024w, https:\/\/tgbois.fr\/wp-content\/uploads\/2026\/02\/P1010546-768x576.jpg 768w, https:\/\/tgbois.fr\/wp-content\/uploads\/2026\/02\/P1010546-1536x1152.jpg 1536w, https:\/\/tgbois.fr\/wp-content\/uploads\/2026\/02\/P1010546-2048x1536.jpg 2048w\" sizes=\"auto, (max-width: 767px) 89vw, (max-width: 1000px) 54vw, (max-width: 1071px) 543px, 580px\" \/><span aria-hidden=\"true\" class=\"wp-block-cover__background has-background-dim\" style=\"background-color:#ac9684\"><\/span><div class=\"wp-block-cover__inner-container is-layout-constrained wp-block-cover-is-layout-constrained\">\n<p class=\"has-text-align-center has-white-color has-text-color has-link-color has-medium-font-size wp-elements-09f7cb4236c774c6ec68bab78dca7754\"><strong><a href=\"https:\/\/tgbois.fr\/index.php\/escalier\/\" data-type=\"page\" data-id=\"88\">ESCALIER et GARDE CORPS<\/a><\/strong><\/p>\n<\/div><\/div>\n<\/div>\n\n\n\n<div class=\"wp-block-column is-layout-flow wp-block-column-is-layout-flow\">\n<div class=\"wp-block-cover\"><img loading=\"lazy\" decoding=\"async\" width=\"2560\" height=\"1920\" class=\"wp-block-cover__image-background wp-image-390 size-full\" alt=\"\" src=\"https:\/\/tgbois.fr\/wp-content\/uploads\/2026\/02\/20230327_200544-Copie-2-scaled.jpg\" style=\"object-position:38% 51%\" data-object-fit=\"cover\" data-object-position=\"38% 51%\" srcset=\"https:\/\/tgbois.fr\/wp-content\/uploads\/2026\/02\/20230327_200544-Copie-2-scaled.jpg 2560w, https:\/\/tgbois.fr\/wp-content\/uploads\/2026\/02\/20230327_200544-Copie-2-300x225.jpg 300w, https:\/\/tgbois.fr\/wp-content\/uploads\/2026\/02\/20230327_200544-Copie-2-1024x768.jpg 1024w, https:\/\/tgbois.fr\/wp-content\/uploads\/2026\/02\/20230327_200544-Copie-2-768x576.jpg 768w, https:\/\/tgbois.fr\/wp-content\/uploads\/2026\/02\/20230327_200544-Copie-2-1536x1152.jpg 1536w, https:\/\/tgbois.fr\/wp-content\/uploads\/2026\/02\/20230327_200544-Copie-2-2048x1536.jpg 2048w\" sizes=\"auto, (max-width: 767px) 89vw, (max-width: 1000px) 54vw, (max-width: 1071px) 543px, 580px\" \/><span aria-hidden=\"true\" class=\"wp-block-cover__background has-background-dim\" style=\"background-color:#70777d\"><\/span><div class=\"wp-block-cover__inner-container is-layout-constrained wp-block-cover-is-layout-constrained\">\n<p class=\"has-text-align-center has-white-color has-text-color has-link-color has-medium-font-size wp-elements-c1be2efe52d95fe619c8b28128925507\"><a href=\"https:\/\/tgbois.fr\/index.php\/exterieur\/\" data-type=\"page\" data-id=\"115\"><strong>EXT\u00c9RIEUR<\/strong><\/a><\/p>\n<\/div><\/div>\n<\/div>\n<\/div>\n\n\n\n<div class=\"wp-block-columns is-layout-flex wp-container-core-columns-is-layout-9d6595d7 wp-block-columns-is-layout-flex\">\n<div class=\"wp-block-column is-layout-flow wp-block-column-is-layout-flow\">\n<div class=\"wp-block-cover is-light\"><img loading=\"lazy\" decoding=\"async\" width=\"2560\" height=\"1920\" class=\"wp-block-cover__image-background wp-image-386 size-full\" alt=\"\" src=\"https:\/\/tgbois.fr\/wp-content\/uploads\/2026\/02\/IMG_20231019_130119-scaled.jpg\" style=\"object-position:16% 49%\" data-object-fit=\"cover\" data-object-position=\"16% 49%\" srcset=\"https:\/\/tgbois.fr\/wp-content\/uploads\/2026\/02\/IMG_20231019_130119-scaled.jpg 2560w, https:\/\/tgbois.fr\/wp-content\/uploads\/2026\/02\/IMG_20231019_130119-300x225.jpg 300w, https:\/\/tgbois.fr\/wp-content\/uploads\/2026\/02\/IMG_20231019_130119-1024x768.jpg 1024w, https:\/\/tgbois.fr\/wp-content\/uploads\/2026\/02\/IMG_20231019_130119-768x576.jpg 768w, https:\/\/tgbois.fr\/wp-content\/uploads\/2026\/02\/IMG_20231019_130119-1536x1152.jpg 1536w, https:\/\/tgbois.fr\/wp-content\/uploads\/2026\/02\/IMG_20231019_130119-2048x1536.jpg 2048w\" sizes=\"auto, (max-width: 767px) 89vw, (max-width: 1000px) 54vw, (max-width: 1071px) 543px, 580px\" \/><span aria-hidden=\"true\" class=\"wp-block-cover__background has-background-dim\" style=\"background-color:#caac84\"><\/span><div class=\"wp-block-cover__inner-container is-layout-constrained wp-block-cover-is-layout-constrained\">\n<p class=\"has-text-align-center has-white-color has-text-color has-link-color has-medium-font-size wp-elements-d8a4db49a01542ff63f8285d913e9d45\"><a href=\"https:\/\/tgbois.fr\/index.php\/habillage-mural\/\" data-type=\"page\" data-id=\"90\"><strong>HABILLAGE MURAL<\/strong><\/a><\/p>\n<\/div><\/div>\n<\/div>\n\n\n\n<div class=\"wp-block-column is-layout-flow wp-block-column-is-layout-flow\">\n<div class=\"wp-block-cover is-light\"><img loading=\"lazy\" decoding=\"async\" width=\"2560\" height=\"1849\" class=\"wp-block-cover__image-background wp-image-401 size-full\" alt=\"\" src=\"https:\/\/tgbois.fr\/wp-content\/uploads\/2026\/02\/received_408378164692774-Copie-scaled.jpeg\" style=\"object-position:69% 51%\" data-object-fit=\"cover\" data-object-position=\"69% 51%\" srcset=\"https:\/\/tgbois.fr\/wp-content\/uploads\/2026\/02\/received_408378164692774-Copie-scaled.jpeg 2560w, https:\/\/tgbois.fr\/wp-content\/uploads\/2026\/02\/received_408378164692774-Copie-300x217.jpeg 300w, https:\/\/tgbois.fr\/wp-content\/uploads\/2026\/02\/received_408378164692774-Copie-1024x740.jpeg 1024w, https:\/\/tgbois.fr\/wp-content\/uploads\/2026\/02\/received_408378164692774-Copie-768x555.jpeg 768w, https:\/\/tgbois.fr\/wp-content\/uploads\/2026\/02\/received_408378164692774-Copie-1536x1109.jpeg 1536w, https:\/\/tgbois.fr\/wp-content\/uploads\/2026\/02\/received_408378164692774-Copie-2048x1479.jpeg 2048w\" sizes=\"auto, (max-width: 767px) 89vw, (max-width: 1000px) 54vw, (max-width: 1071px) 543px, 580px\" \/><span aria-hidden=\"true\" class=\"wp-block-cover__background has-background-dim\" style=\"background-color:#a9a394\"><\/span><div class=\"wp-block-cover__inner-container is-layout-constrained wp-block-cover-is-layout-constrained\">\n<p class=\"has-text-align-center has-white-color has-text-color has-link-color has-medium-font-size wp-elements-eb13436401f1e4679387d79c328b53f6\"><a href=\"https:\/\/tgbois.fr\/index.php\/mobilier\/\" data-type=\"page\" data-id=\"92\"><strong>MOBILIER<\/strong><\/a><\/p>\n<\/div><\/div>\n<\/div>\n\n\n\n<div class=\"wp-block-column is-layout-flow wp-block-column-is-layout-flow\">\n<div class=\"wp-block-cover is-light\"><img loading=\"lazy\" decoding=\"async\" width=\"768\" height=\"1024\" class=\"wp-block-cover__image-background wp-image-430 size-large\" alt=\"\" src=\"https:\/\/tgbois.fr\/wp-content\/uploads\/2026\/02\/20241104_134257-768x1024.jpg\" style=\"object-position:68% 44%\" data-object-fit=\"cover\" data-object-position=\"68% 44%\" srcset=\"https:\/\/tgbois.fr\/wp-content\/uploads\/2026\/02\/20241104_134257-768x1024.jpg 768w, https:\/\/tgbois.fr\/wp-content\/uploads\/2026\/02\/20241104_134257-225x300.jpg 225w, https:\/\/tgbois.fr\/wp-content\/uploads\/2026\/02\/20241104_134257-1152x1536.jpg 1152w, https:\/\/tgbois.fr\/wp-content\/uploads\/2026\/02\/20241104_134257-1536x2048.jpg 1536w, https:\/\/tgbois.fr\/wp-content\/uploads\/2026\/02\/20241104_134257-scaled.jpg 1920w\" sizes=\"auto, (max-width: 767px) 89vw, (max-width: 1000px) 54vw, (max-width: 1071px) 543px, 580px\" \/><span aria-hidden=\"true\" class=\"wp-block-cover__background has-background-dim\" style=\"background-color:#c49970\"><\/span><div class=\"wp-block-cover__inner-container is-layout-constrained wp-block-cover-is-layout-constrained\">\n<p class=\"has-text-align-center has-white-color has-text-color has-link-color has-medium-font-size wp-elements-9bc5f38c2909deb3aa7fc34b029b26f5\"><a href=\"https:\/\/tgbois.fr\/index.php\/porte-et-portail\/\" data-type=\"page\" data-id=\"94\"><strong>PORTE  &amp; PORTAIL<\/strong><\/a><\/p>\n<\/div><\/div>\n<\/div>\n<\/div>\n\n\n\n<div class=\"wp-block-columns is-layout-flex wp-container-core-columns-is-layout-9d6595d7 wp-block-columns-is-layout-flex\">\n<div class=\"wp-block-column is-layout-flow wp-block-column-is-layout-flow\">\n<div class=\"wp-block-cover is-light\"><img loading=\"lazy\" decoding=\"async\" width=\"2560\" height=\"1852\" class=\"wp-block-cover__image-background wp-image-464 size-full\" alt=\"\" src=\"https:\/\/tgbois.fr\/wp-content\/uploads\/2026\/02\/IMG_20220506_124825-scaled.jpg\" style=\"object-position:65% 64%\" data-object-fit=\"cover\" data-object-position=\"65% 64%\" srcset=\"https:\/\/tgbois.fr\/wp-content\/uploads\/2026\/02\/IMG_20220506_124825-scaled.jpg 2560w, https:\/\/tgbois.fr\/wp-content\/uploads\/2026\/02\/IMG_20220506_124825-300x217.jpg 300w, https:\/\/tgbois.fr\/wp-content\/uploads\/2026\/02\/IMG_20220506_124825-1024x741.jpg 1024w, https:\/\/tgbois.fr\/wp-content\/uploads\/2026\/02\/IMG_20220506_124825-768x556.jpg 768w, https:\/\/tgbois.fr\/wp-content\/uploads\/2026\/02\/IMG_20220506_124825-1536x1111.jpg 1536w, https:\/\/tgbois.fr\/wp-content\/uploads\/2026\/02\/IMG_20220506_124825-2048x1482.jpg 2048w\" sizes=\"auto, (max-width: 767px) 89vw, (max-width: 1000px) 54vw, (max-width: 1071px) 543px, 580px\" \/><span aria-hidden=\"true\" class=\"wp-block-cover__background has-background-dim\" style=\"background-color:#a2928a\"><\/span><div class=\"wp-block-cover__inner-container is-layout-constrained wp-block-cover-is-layout-constrained\">\n<p class=\"has-text-align-center has-white-color has-text-color has-link-color has-medium-font-size wp-elements-e45ddb9c8e71c7fed841167e4a22f7e1\"><a href=\"https:\/\/tgbois.fr\/index.php\/salle-de-bain\/\" data-type=\"page\" data-id=\"113\"><strong>SALLE DE BAIN<\/strong><\/a><\/p>\n<\/div><\/div>\n<\/div>\n\n\n\n<div class=\"wp-block-column is-layout-flow wp-block-column-is-layout-flow\">\n<div class=\"wp-block-cover is-light\"><img loading=\"lazy\" decoding=\"async\" width=\"1024\" height=\"768\" class=\"wp-block-cover__image-background wp-image-63 size-large\" alt=\"\" src=\"https:\/\/tgbois.fr\/wp-content\/uploads\/2026\/02\/IMG_20230904_135227-Copie-1024x768.jpg\" style=\"object-position:31% 50%\" data-object-fit=\"cover\" data-object-position=\"31% 50%\" srcset=\"https:\/\/tgbois.fr\/wp-content\/uploads\/2026\/02\/IMG_20230904_135227-Copie-1024x768.jpg 1024w, https:\/\/tgbois.fr\/wp-content\/uploads\/2026\/02\/IMG_20230904_135227-Copie-300x225.jpg 300w, https:\/\/tgbois.fr\/wp-content\/uploads\/2026\/02\/IMG_20230904_135227-Copie-768x576.jpg 768w, https:\/\/tgbois.fr\/wp-content\/uploads\/2026\/02\/IMG_20230904_135227-Copie-1536x1152.jpg 1536w, https:\/\/tgbois.fr\/wp-content\/uploads\/2026\/02\/IMG_20230904_135227-Copie-2048x1536.jpg 2048w\" sizes=\"auto, (max-width: 767px) 89vw, (max-width: 1000px) 54vw, (max-width: 1071px) 543px, 580px\" \/><span aria-hidden=\"true\" class=\"wp-block-cover__background has-background-dim\" style=\"background-color:#bcada1\"><\/span><div class=\"wp-block-cover__inner-container is-layout-constrained wp-block-cover-is-layout-constrained\">\n<p class=\"has-text-align-center has-white-color has-text-color has-link-color has-medium-font-size wp-elements-a7033f9e5cc7f866aecd9bfe91f303a8\"><a href=\"https:\/\/tgbois.fr\/index.php\/restauration\/\" data-type=\"page\" data-id=\"96\"><strong>RESTAURATION<\/strong><\/a><\/p>\n<\/div><\/div>\n<\/div>\n\n\n\n<div class=\"wp-block-column is-layout-flow wp-block-column-is-layout-flow\"><\/div>\n<\/div>\n","protected":false},"excerpt":{"rendered":"<p>Nos r\u00e9alisations Chaque projet est con\u00e7u et fabriqu\u00e9 sur mesure, dans le respect des mat\u00e9riaux et des attentes du client.<\/p>\n","protected":false},"author":1,"featured_media":0,"parent":0,"menu_order":0,"comment_status":"closed","ping_status":"closed","template":"","meta":{"footnotes":""},"class_list":["post-25","page","type-page","status-publish","hentry"],"_links":{"self":[{"href":"https:\/\/tgbois.fr\/index.php\/wp-json\/wp\/v2\/pages\/25","targetHints":{"allow":["GET"]}}],"collection":[{"href":"https:\/\/tgbois.fr\/index.php\/wp-json\/wp\/v2\/pages"}],"about":[{"href":"https:\/\/tgbois.fr\/index.php\/wp-json\/wp\/v2\/types\/page"}],"author":[{"embeddable":true,"href":"https:\/\/tgbois.fr\/index.php\/wp-json\/wp\/v2\/users\/1"}],"replies":[{"embeddable":true,"href":"https:\/\/tgbois.fr\/index.php\/wp-json\/wp\/v2\/comments?post=25"}],"version-history":[{"count":15,"href":"https:\/\/tgbois.fr\/index.php\/wp-json\/wp\/v2\/pages\/25\/revisions"}],"predecessor-version":[{"id":566,"href":"https:\/\/tgbois.fr\/index.php\/wp-json\/wp\/v2\/pages\/25\/revisions\/566"}],"wp:attachment":[{"href":"https:\/\/tgbois.fr\/index.php\/wp-json\/wp\/v2\/media?parent=25"}],"curies":[{"name":"wp","href":"https:\/\/api.w.org\/{rel}","templated":true}]}}