{"id":23,"date":"2026-02-12T15:25:00","date_gmt":"2026-02-12T15:25:00","guid":{"rendered":"http:\/\/kpbpbdc.cluster100.hosting.ovh.net\/?page_id=23"},"modified":"2026-02-15T14:52:33","modified_gmt":"2026-02-15T14:52:33","slug":"accueil","status":"publish","type":"page","link":"https:\/\/tgbois.fr\/","title":{"rendered":"Accueil"},"content":{"rendered":"\n<div class=\"wp-block-columns is-layout-flex wp-container-core-columns-is-layout-9d6595d7 wp-block-columns-is-layout-flex\">\n<div class=\"wp-block-column is-layout-flow wp-block-column-is-layout-flow\">\n<h1 class=\"wp-block-heading has-text-align-center has-large-font-size\"><strong>25 ans de savoir faire artisanal au service de vos projets<\/strong><\/h1>\n<\/div>\n\n\n\n<div class=\"wp-block-column is-layout-flow wp-block-column-is-layout-flow\">\n<figure class=\"wp-block-image size-large is-resized\"><img loading=\"lazy\" decoding=\"async\" width=\"1024\" height=\"724\" src=\"https:\/\/tgbois.fr\/wp-content\/uploads\/2026\/02\/TG-BOIS-fond-blanc-1-1024x724.png\" alt=\"\" class=\"wp-image-150\" style=\"aspect-ratio:1.414486367391903;width:267px;height:auto\" srcset=\"https:\/\/tgbois.fr\/wp-content\/uploads\/2026\/02\/TG-BOIS-fond-blanc-1-1024x724.png 1024w, https:\/\/tgbois.fr\/wp-content\/uploads\/2026\/02\/TG-BOIS-fond-blanc-1-300x212.png 300w, https:\/\/tgbois.fr\/wp-content\/uploads\/2026\/02\/TG-BOIS-fond-blanc-1-768x543.png 768w, https:\/\/tgbois.fr\/wp-content\/uploads\/2026\/02\/TG-BOIS-fond-blanc-1.png 1123w\" sizes=\"auto, (max-width: 767px) 89vw, (max-width: 1000px) 54vw, (max-width: 1071px) 543px, 580px\" \/><\/figure>\n<\/div>\n<\/div>\n\n\n\n<blockquote class=\"wp-block-quote is-layout-flow wp-block-quote-is-layout-flow\">\n<p class=\"has-text-align-center\">Chaque projet est pens\u00e9, fabriqu\u00e9 et pos\u00e9 avec exigence et pr\u00e9cision :<br>De l\u2019agencement int\u00e9rieur \u00e0 la restauration de mobilier, TG BOIS r\u00e9alise des ouvrages sur mesure, durables et \u00e9l\u00e9gants.<\/p>\n<\/blockquote>\n\n\n\n<p>Menuisier agenceur et \u00e9b\u00e9niste, Thomas GALLAND vous accompagne de l\u2019\u00e9tude du projet jusqu\u2019\u00e0 l\u2019installation.<\/p>\n\n\n\n<p><\/p>\n","protected":false},"excerpt":{"rendered":"<p>25 ans de savoir faire artisanal au service de vos projets Chaque projet est pens\u00e9, fabriqu\u00e9 et pos\u00e9 avec exigence et pr\u00e9cision :De l\u2019agencement int\u00e9rieur \u00e0 la restauration de mobilier, TG BOIS r\u00e9alise des ouvrages sur mesure, durables et \u00e9l\u00e9gants. Menuisier agenceur et \u00e9b\u00e9niste, Thomas GALLAND vous accompagne de l\u2019\u00e9tude du projet jusqu\u2019\u00e0 l\u2019installation.<\/p>\n","protected":false},"author":1,"featured_media":0,"parent":0,"menu_order":0,"comment_status":"closed","ping_status":"closed","template":"","meta":{"footnotes":""},"class_list":["post-23","page","type-page","status-publish","hentry"],"_links":{"self":[{"href":"https:\/\/tgbois.fr\/index.php\/wp-json\/wp\/v2\/pages\/23","targetHints":{"allow":["GET"]}}],"collection":[{"href":"https:\/\/tgbois.fr\/index.php\/wp-json\/wp\/v2\/pages"}],"about":[{"href":"https:\/\/tgbois.fr\/index.php\/wp-json\/wp\/v2\/types\/page"}],"author":[{"embeddable":true,"href":"https:\/\/tgbois.fr\/index.php\/wp-json\/wp\/v2\/users\/1"}],"replies":[{"embeddable":true,"href":"https:\/\/tgbois.fr\/index.php\/wp-json\/wp\/v2\/comments?post=23"}],"version-history":[{"count":24,"href":"https:\/\/tgbois.fr\/index.php\/wp-json\/wp\/v2\/pages\/23\/revisions"}],"predecessor-version":[{"id":534,"href":"https:\/\/tgbois.fr\/index.php\/wp-json\/wp\/v2\/pages\/23\/revisions\/534"}],"wp:attachment":[{"href":"https:\/\/tgbois.fr\/index.php\/wp-json\/wp\/v2\/media?parent=23"}],"curies":[{"name":"wp","href":"https:\/\/api.w.org\/{rel}","templated":true}]}}